{"id":4299,"date":"2026-02-21T12:10:22","date_gmt":"2026-02-21T12:10:22","guid":{"rendered":"https:\/\/raffaellapisani.com\/?page_id=4299"},"modified":"2026-02-21T12:22:01","modified_gmt":"2026-02-21T12:22:01","slug":"mentions-legales","status":"publish","type":"page","link":"https:\/\/raffaellapisani.com\/it\/mentions-legales\/","title":{"rendered":"Note legali"},"content":{"rendered":"<style>.kb-row-layout-wrap.wp-block-kadence-rowlayout.kb-row-layout-id4299_70eefc-41{margin-top:var(--global-kb-spacing-5xl, 10rem);margin-bottom:var(--global-kb-spacing-5xl, 10rem);}.kb-row-layout-id4299_70eefc-41 > .kt-row-column-wrap{align-content:start;}:where(.kb-row-layout-id4299_70eefc-41 > .kt-row-column-wrap) > .wp-block-kadence-column{justify-content:start;}.kb-row-layout-id4299_70eefc-41 > .kt-row-column-wrap{column-gap:var(--global-kb-gap-md, 2rem);row-gap:var(--global-kb-gap-md, 2rem);max-width:var( --global-content-width, 1290px );padding-left:var(--global-content-edge-padding);padding-right:var(--global-content-edge-padding);padding-top:var(--global-kb-spacing-5xl, 10rem);padding-bottom:var(--global-kb-spacing-5xl, 10rem);grid-template-columns:minmax(0, 1fr);}.kb-row-layout-id4299_70eefc-41 > .kt-row-layout-overlay{opacity:0.30;}@media all and (max-width: 1024px){.kb-row-layout-id4299_70eefc-41 > .kt-row-column-wrap{grid-template-columns:minmax(0, 1fr);}}@media all and (max-width: 767px){.kb-row-layout-id4299_70eefc-41 > .kt-row-column-wrap{grid-template-columns:minmax(0, 1fr);}}<\/style><div class=\"kb-row-layout-wrap kb-row-layout-id4299_70eefc-41 alignnone wp-block-kadence-rowlayout\"><div class=\"kt-row-column-wrap kt-has-1-columns kt-row-layout-equal kt-tab-layout-inherit kt-mobile-layout-row kt-row-valign-top kb-theme-content-width\">\n<style>.kadence-column4299_a952aa-bf > .kt-inside-inner-col,.kadence-column4299_a952aa-bf > .kt-inside-inner-col:before{border-top-left-radius:0px;border-top-right-radius:0px;border-bottom-right-radius:0px;border-bottom-left-radius:0px;}.kadence-column4299_a952aa-bf > .kt-inside-inner-col{column-gap:var(--global-kb-gap-sm, 1rem);}.kadence-column4299_a952aa-bf > .kt-inside-inner-col{flex-direction:column;}.kadence-column4299_a952aa-bf > .kt-inside-inner-col > .aligncenter{width:100%;}.kadence-column4299_a952aa-bf > .kt-inside-inner-col:before{opacity:0.3;}.kadence-column4299_a952aa-bf{position:relative;}@media all and (max-width: 1024px){.kadence-column4299_a952aa-bf > .kt-inside-inner-col{flex-direction:column;justify-content:center;}}@media all and (max-width: 767px){.kadence-column4299_a952aa-bf > .kt-inside-inner-col{flex-direction:column;justify-content:center;}}<\/style>\n<div class=\"wp-block-kadence-column kadence-column4299_a952aa-bf\"><div class=\"kt-inside-inner-col\"><style>.wp-block-kadence-advancedheading.kt-adv-heading4299_dfbc15-97, .wp-block-kadence-advancedheading.kt-adv-heading4299_dfbc15-97[data-kb-block=\"kb-adv-heading4299_dfbc15-97\"]{font-size:22px;font-style:normal;}.wp-block-kadence-advancedheading.kt-adv-heading4299_dfbc15-97 mark.kt-highlight, .wp-block-kadence-advancedheading.kt-adv-heading4299_dfbc15-97[data-kb-block=\"kb-adv-heading4299_dfbc15-97\"] mark.kt-highlight{font-style:normal;color:#f76a0c;-webkit-box-decoration-break:clone;box-decoration-break:clone;padding-top:0px;padding-right:0px;padding-bottom:0px;padding-left:0px;}.wp-block-kadence-advancedheading.kt-adv-heading4299_dfbc15-97 img.kb-inline-image, .wp-block-kadence-advancedheading.kt-adv-heading4299_dfbc15-97[data-kb-block=\"kb-adv-heading4299_dfbc15-97\"] img.kb-inline-image{width:150px;vertical-align:baseline;}<\/style>\n<h2 class=\"kt-adv-heading4299_dfbc15-97 wp-block-kadence-advancedheading\" data-kb-block=\"kb-adv-heading4299_dfbc15-97\">Mentions L\u00e9gales<\/h2>\n\n\n<style>.wp-block-kadence-advancedheading.kt-adv-heading4299_e592aa-23, .wp-block-kadence-advancedheading.kt-adv-heading4299_e592aa-23[data-kb-block=\"kb-adv-heading4299_e592aa-23\"]{font-style:normal;}.wp-block-kadence-advancedheading.kt-adv-heading4299_e592aa-23 mark.kt-highlight, .wp-block-kadence-advancedheading.kt-adv-heading4299_e592aa-23[data-kb-block=\"kb-adv-heading4299_e592aa-23\"] mark.kt-highlight{font-style:normal;color:#f76a0c;-webkit-box-decoration-break:clone;box-decoration-break:clone;padding-top:0px;padding-right:0px;padding-bottom:0px;padding-left:0px;}.wp-block-kadence-advancedheading.kt-adv-heading4299_e592aa-23 img.kb-inline-image, .wp-block-kadence-advancedheading.kt-adv-heading4299_e592aa-23[data-kb-block=\"kb-adv-heading4299_e592aa-23\"] img.kb-inline-image{width:150px;vertical-align:baseline;}<\/style>\n<p class=\"kt-adv-heading4299_e592aa-23 wp-block-kadence-advancedheading\" data-kb-block=\"kb-adv-heading4299_e592aa-23\"><br>1. \u00c9diteur du site<br>Le pr\u00e9sent site web, accessible \u00e0 l\u2019adresse\u00a0<strong>\u00a0<a href=\"https:\/\/www.google.com\/search?q=https:\/\/raffaellapisani.com\" target=\"_blank\" rel=\"noreferrer noopener\">www.raffaellapisani.com<\/a><\/strong>, est \u00e9dit\u00e9 par :<br><strong>Nom :<\/strong>\u00a0Raffaella Pisani<br><strong>Domicili\u00e9e \u00e0 :<\/strong>\u00a0180 rue du Nant Bertaux, 73000 Chamb\u00e9ry, France<br><strong>Contact :<\/strong>\u00a0contact@raffaellapisani.com<br><strong>T\u00e9l\u00e9phone :<\/strong>\u00a006 44 09 38 98<br><\/p>\n\n\n<style>.wp-block-kadence-advancedheading.kt-adv-heading4299_ee4c15-58, .wp-block-kadence-advancedheading.kt-adv-heading4299_ee4c15-58[data-kb-block=\"kb-adv-heading4299_ee4c15-58\"]{font-size:22px;font-style:normal;}.wp-block-kadence-advancedheading.kt-adv-heading4299_ee4c15-58 mark.kt-highlight, .wp-block-kadence-advancedheading.kt-adv-heading4299_ee4c15-58[data-kb-block=\"kb-adv-heading4299_ee4c15-58\"] mark.kt-highlight{font-style:normal;color:#f76a0c;-webkit-box-decoration-break:clone;box-decoration-break:clone;padding-top:0px;padding-right:0px;padding-bottom:0px;padding-left:0px;}.wp-block-kadence-advancedheading.kt-adv-heading4299_ee4c15-58 img.kb-inline-image, .wp-block-kadence-advancedheading.kt-adv-heading4299_ee4c15-58[data-kb-block=\"kb-adv-heading4299_ee4c15-58\"] img.kb-inline-image{width:150px;vertical-align:baseline;}<\/style>\n<h2 class=\"kt-adv-heading4299_ee4c15-58 wp-block-kadence-advancedheading\" data-kb-block=\"kb-adv-heading4299_ee4c15-58\">2. Directeur de la publication<\/h2>\n\n\n\n<p>Le directeur de la publication du site est\u00a0<strong>Raffaella Pisani<\/strong>.<br><\/p>\n\n\n<style>.wp-block-kadence-advancedheading.kt-adv-heading4299_622f3d-97, .wp-block-kadence-advancedheading.kt-adv-heading4299_622f3d-97[data-kb-block=\"kb-adv-heading4299_622f3d-97\"]{font-size:22px;font-style:normal;}.wp-block-kadence-advancedheading.kt-adv-heading4299_622f3d-97 mark.kt-highlight, .wp-block-kadence-advancedheading.kt-adv-heading4299_622f3d-97[data-kb-block=\"kb-adv-heading4299_622f3d-97\"] mark.kt-highlight{font-style:normal;color:#f76a0c;-webkit-box-decoration-break:clone;box-decoration-break:clone;padding-top:0px;padding-right:0px;padding-bottom:0px;padding-left:0px;}.wp-block-kadence-advancedheading.kt-adv-heading4299_622f3d-97 img.kb-inline-image, .wp-block-kadence-advancedheading.kt-adv-heading4299_622f3d-97[data-kb-block=\"kb-adv-heading4299_622f3d-97\"] img.kb-inline-image{width:150px;vertical-align:baseline;}<\/style>\n<h2 class=\"kt-adv-heading4299_622f3d-97 wp-block-kadence-advancedheading\" data-kb-block=\"kb-adv-heading4299_622f3d-97\">3. H\u00e9bergeur du site<\/h2>\n\n\n\n<p>Le site est h\u00e9berg\u00e9 par la soci\u00e9t\u00e9\u00a0<strong>Hostinger International Ltd.<\/strong>, dont le si\u00e8ge social est situ\u00e9 :<br><strong>Adresse :<\/strong>\u00a061 Lordou Vironos Street, 6023 Larnaca, Chypre<br><strong>Contact :<\/strong>\u00a0<a href=\"https:\/\/www.hostinger.fr\/contact\" target=\"_blank\" rel=\"noreferrer noopener\">https:\/\/www.hostinger.fr\/contact<\/a><br><\/p>\n\n\n<style>.wp-block-kadence-advancedheading.kt-adv-heading4299_7d4176-5d, .wp-block-kadence-advancedheading.kt-adv-heading4299_7d4176-5d[data-kb-block=\"kb-adv-heading4299_7d4176-5d\"]{font-size:22px;font-style:normal;}.wp-block-kadence-advancedheading.kt-adv-heading4299_7d4176-5d mark.kt-highlight, .wp-block-kadence-advancedheading.kt-adv-heading4299_7d4176-5d[data-kb-block=\"kb-adv-heading4299_7d4176-5d\"] mark.kt-highlight{font-style:normal;color:#f76a0c;-webkit-box-decoration-break:clone;box-decoration-break:clone;padding-top:0px;padding-right:0px;padding-bottom:0px;padding-left:0px;}.wp-block-kadence-advancedheading.kt-adv-heading4299_7d4176-5d img.kb-inline-image, .wp-block-kadence-advancedheading.kt-adv-heading4299_7d4176-5d[data-kb-block=\"kb-adv-heading4299_7d4176-5d\"] img.kb-inline-image{width:150px;vertical-align:baseline;}<\/style>\n<h2 class=\"kt-adv-heading4299_7d4176-5d wp-block-kadence-advancedheading\" data-kb-block=\"kb-adv-heading4299_7d4176-5d\">4. Propri\u00e9t\u00e9 intellectuelle<\/h2>\n\n\n\n<p>L\u2019ensemble des contenus pr\u00e9sents sur ce site (textes, images, logos) est prot\u00e9g\u00e9 par les lois en vigueur sur la propri\u00e9t\u00e9 intellectuelle. Toute reproduction, repr\u00e9sentation, modification o publication totale ou partielle est interdite sans l&rsquo;autorisation \u00e9crite pr\u00e9alable de l&rsquo;\u00e9diteur.<br>5. Protection des donn\u00e9es personnelles<br>Pour toute information concernant la collecte et le traitement de vos donn\u00e9es, nous vous invitons \u00e0 consulter notre\u00a0<a href=\"https:\/\/raffaellapisani.com\/politique-de-confidentialite\/\">Politique de Confidentialit\u00e9<\/a><\/p>\n<\/div><\/div>\n\n<\/div><\/div>","protected":false},"excerpt":{"rendered":"<p>Mentions L\u00e9gales 1. \u00c9diteur du siteLe pr\u00e9sent site web, accessible \u00e0 l\u2019adresse\u00a0\u00a0www.raffaellapisani.com, est \u00e9dit\u00e9 par :Nom :\u00a0Raffaella PisaniDomicili\u00e9e \u00e0 :\u00a0180 rue du Nant Bertaux, 73000 Chamb\u00e9ry, FranceContact :\u00a0contact@raffaellapisani.comT\u00e9l\u00e9phone :\u00a006 44&#8230;<\/p>","protected":false},"author":4,"featured_media":0,"parent":0,"menu_order":0,"comment_status":"closed","ping_status":"closed","template":"","meta":{"_seopress_robots_primary_cat":"","_seopress_titles_title":"","_seopress_titles_desc":"","_seopress_robots_index":"","_kad_blocks_custom_css":"","_kad_blocks_head_custom_js":"","_kad_blocks_body_custom_js":"","_kad_blocks_footer_custom_js":"","_price":"","_stock":"","_tribe_ticket_header":"","_tribe_default_ticket_provider":"","_tribe_ticket_capacity":"0","_ticket_start_date":"","_ticket_end_date":"","_tribe_ticket_show_description":"","_tribe_ticket_show_not_going":false,"_tribe_ticket_use_global_stock":"","_tribe_ticket_global_stock_level":"","_global_stock_mode":"","_global_stock_cap":"","_tribe_rsvp_for_event":"","_tribe_ticket_going_count":"","_tribe_ticket_not_going_count":"","_tribe_tickets_list":"[]","_tribe_ticket_has_attendee_info_fields":false,"_EventAllDay":false,"_EventTimezone":"","_EventStartDate":"","_EventEndDate":"","_EventStartDateUTC":"","_EventEndDateUTC":"","_EventShowMap":false,"_EventShowMapLink":false,"_EventURL":"","_EventCost":"","_EventCostDescription":"","_EventCurrencySymbol":"","_EventCurrencyCode":"","_EventCurrencyPosition":"","_EventDateTimeSeparator":"","_EventTimeRangeSeparator":"","_EventOrganizerID":[],"_EventVenueID":[],"_OrganizerEmail":"","_OrganizerPhone":"","_OrganizerWebsite":"","_VenueAddress":"","_VenueCity":"","_VenueCountry":"","_VenueProvince":"","_VenueState":"","_VenueZip":"","_VenuePhone":"","_VenueURL":"","_VenueStateProvince":"","_VenueLat":"","_VenueLng":"","_VenueShowMap":false,"_VenueShowMapLink":false,"_kadence_starter_templates_imported_post":false,"_kad_post_transparent":"","_kad_post_title":"","_kad_post_layout":"","_kad_post_sidebar_id":"","_kad_post_content_style":"","_kad_post_vertical_padding":"","_kad_post_feature":"","_kad_post_feature_position":"","_kad_post_header":false,"_kad_post_footer":false,"_kad_post_classname":"","footnotes":"","_tec_slr_enabled":"","_tec_slr_layout":""},"class_list":["post-4299","page","type-page","status-publish","hentry"],"taxonomy_info":[],"featured_image_src_large":false,"author_info":{"display_name":"carlos.rosales","author_link":"https:\/\/raffaellapisani.com\/it\/author\/carlos-rosales\/"},"comment_info":0,"ticketed":false,"_links":{"self":[{"href":"https:\/\/raffaellapisani.com\/it\/wp-json\/wp\/v2\/pages\/4299","targetHints":{"allow":["GET"]}}],"collection":[{"href":"https:\/\/raffaellapisani.com\/it\/wp-json\/wp\/v2\/pages"}],"about":[{"href":"https:\/\/raffaellapisani.com\/it\/wp-json\/wp\/v2\/types\/page"}],"author":[{"embeddable":true,"href":"https:\/\/raffaellapisani.com\/it\/wp-json\/wp\/v2\/users\/4"}],"replies":[{"embeddable":true,"href":"https:\/\/raffaellapisani.com\/it\/wp-json\/wp\/v2\/comments?post=4299"}],"version-history":[{"count":5,"href":"https:\/\/raffaellapisani.com\/it\/wp-json\/wp\/v2\/pages\/4299\/revisions"}],"predecessor-version":[{"id":4305,"href":"https:\/\/raffaellapisani.com\/it\/wp-json\/wp\/v2\/pages\/4299\/revisions\/4305"}],"wp:attachment":[{"href":"https:\/\/raffaellapisani.com\/it\/wp-json\/wp\/v2\/media?parent=4299"}],"curies":[{"name":"wp","href":"https:\/\/api.w.org\/{rel}","templated":true}]}}