{"id":3624,"date":"2026-02-12T13:31:37","date_gmt":"2026-02-12T13:31:37","guid":{"rendered":"https:\/\/raffaellapisani.com\/?page_id=3624"},"modified":"2026-02-21T12:07:10","modified_gmt":"2026-02-21T12:07:10","slug":"politique-de-confidentialite","status":"publish","type":"page","link":"https:\/\/raffaellapisani.com\/it\/politique-de-confidentialite\/","title":{"rendered":"Informativa sulla Privacy"},"content":{"rendered":"<style>.kb-row-layout-id3624_225adb-71 > .kt-row-column-wrap{align-content:start;}:where(.kb-row-layout-id3624_225adb-71 > .kt-row-column-wrap) > .wp-block-kadence-column{justify-content:start;}.kb-row-layout-id3624_225adb-71 > .kt-row-column-wrap{column-gap:var(--global-kb-gap-md, 2rem);row-gap:var(--global-kb-gap-md, 2rem);max-width:var( --global-content-width, 1290px );padding-left:var(--global-content-edge-padding);padding-right:var(--global-content-edge-padding);padding-top:var(--global-kb-spacing-5xl, 10rem);padding-right:var(--global-kb-spacing-lg, 3rem);padding-bottom:var(--global-kb-spacing-5xl, 10rem);padding-left:var(--global-kb-spacing-lg, 3rem);grid-template-columns:minmax(0, 1fr);}.kb-row-layout-id3624_225adb-71 > .kt-row-layout-overlay{opacity:0.30;}@media all and (max-width: 1024px){.kb-row-layout-id3624_225adb-71 > .kt-row-column-wrap{grid-template-columns:minmax(0, 1fr);}}@media all and (max-width: 767px){.kb-row-layout-id3624_225adb-71 > .kt-row-column-wrap{grid-template-columns:minmax(0, 1fr);}}<\/style><div class=\"kb-row-layout-wrap kb-row-layout-id3624_225adb-71 alignnone wp-block-kadence-rowlayout\"><div class=\"kt-row-column-wrap kt-has-1-columns kt-row-layout-equal kt-tab-layout-inherit kt-mobile-layout-row kt-row-valign-top kb-theme-content-width\">\n<style>.kadence-column3624_1b19c2-cb > .kt-inside-inner-col,.kadence-column3624_1b19c2-cb > .kt-inside-inner-col:before{border-top-left-radius:0px;border-top-right-radius:0px;border-bottom-right-radius:0px;border-bottom-left-radius:0px;}.kadence-column3624_1b19c2-cb > .kt-inside-inner-col{column-gap:var(--global-kb-gap-sm, 1rem);}.kadence-column3624_1b19c2-cb > .kt-inside-inner-col{flex-direction:column;}.kadence-column3624_1b19c2-cb > .kt-inside-inner-col > .aligncenter{width:100%;}.kadence-column3624_1b19c2-cb > .kt-inside-inner-col:before{opacity:0.3;}.kadence-column3624_1b19c2-cb{position:relative;}.kadence-column3624_1b19c2-cb, .kt-inside-inner-col > .kadence-column3624_1b19c2-cb:not(.specificity){margin-top:var(--global-kb-spacing-5xl, 10rem);}@media all and (max-width: 1024px){.kadence-column3624_1b19c2-cb > .kt-inside-inner-col{flex-direction:column;justify-content:center;}}@media all and (max-width: 767px){.kadence-column3624_1b19c2-cb > .kt-inside-inner-col{flex-direction:column;justify-content:center;}}<\/style>\n<div class=\"wp-block-kadence-column kadence-column3624_1b19c2-cb\"><div class=\"kt-inside-inner-col\"><style>.wp-block-kadence-advancedheading.kt-adv-heading3624_dfd03e-42, .wp-block-kadence-advancedheading.kt-adv-heading3624_dfd03e-42[data-kb-block=\"kb-adv-heading3624_dfd03e-42\"]{font-size:22px;font-style:normal;}.wp-block-kadence-advancedheading.kt-adv-heading3624_dfd03e-42 mark.kt-highlight, .wp-block-kadence-advancedheading.kt-adv-heading3624_dfd03e-42[data-kb-block=\"kb-adv-heading3624_dfd03e-42\"] mark.kt-highlight{font-style:normal;color:#f76a0c;-webkit-box-decoration-break:clone;box-decoration-break:clone;padding-top:0px;padding-right:0px;padding-bottom:0px;padding-left:0px;}.wp-block-kadence-advancedheading.kt-adv-heading3624_dfd03e-42 img.kb-inline-image, .wp-block-kadence-advancedheading.kt-adv-heading3624_dfd03e-42[data-kb-block=\"kb-adv-heading3624_dfd03e-42\"] img.kb-inline-image{width:150px;vertical-align:baseline;}<\/style>\n<h2 class=\"kt-adv-heading3624_dfd03e-42 wp-block-kadence-advancedheading\" data-kb-block=\"kb-adv-heading3624_dfd03e-42\">Politique de Confidentialit\u00e9<\/h2>\n\n\n\n<p><strong>Derni\u00e8re mise \u00e0 jour :<\/strong>&nbsp;20 f\u00e9vrier 2026<br><\/p>\n\n\n<style>.wp-block-kadence-advancedheading.kt-adv-heading3624_b149d0-cf, .wp-block-kadence-advancedheading.kt-adv-heading3624_b149d0-cf[data-kb-block=\"kb-adv-heading3624_b149d0-cf\"]{font-size:22px;font-style:normal;}.wp-block-kadence-advancedheading.kt-adv-heading3624_b149d0-cf mark.kt-highlight, .wp-block-kadence-advancedheading.kt-adv-heading3624_b149d0-cf[data-kb-block=\"kb-adv-heading3624_b149d0-cf\"] mark.kt-highlight{font-style:normal;color:#f76a0c;-webkit-box-decoration-break:clone;box-decoration-break:clone;padding-top:0px;padding-right:0px;padding-bottom:0px;padding-left:0px;}.wp-block-kadence-advancedheading.kt-adv-heading3624_b149d0-cf img.kb-inline-image, .wp-block-kadence-advancedheading.kt-adv-heading3624_b149d0-cf[data-kb-block=\"kb-adv-heading3624_b149d0-cf\"] img.kb-inline-image{width:150px;vertical-align:baseline;}<\/style>\n<h2 class=\"kt-adv-heading3624_b149d0-cf wp-block-kadence-advancedheading\" data-kb-block=\"kb-adv-heading3624_b149d0-cf\">1. Responsable du Traitement des Donn\u00e9es<\/h2>\n\n\n\n<p>Le Responsable du traitement est :<strong>Raffaella Pisani<\/strong>&nbsp;Si\u00e8ge social : 180 rue du Nant Bertaux, Chamb\u00e9ry, France Email : contact@raffaellapisani.com T\u00e9l : 06 44 09 38 98<br><\/p>\n\n\n<style>.wp-block-kadence-advancedheading.kt-adv-heading3624_6b49f6-79, .wp-block-kadence-advancedheading.kt-adv-heading3624_6b49f6-79[data-kb-block=\"kb-adv-heading3624_6b49f6-79\"]{font-size:22px;font-style:normal;}.wp-block-kadence-advancedheading.kt-adv-heading3624_6b49f6-79 mark.kt-highlight, .wp-block-kadence-advancedheading.kt-adv-heading3624_6b49f6-79[data-kb-block=\"kb-adv-heading3624_6b49f6-79\"] mark.kt-highlight{font-style:normal;color:#f76a0c;-webkit-box-decoration-break:clone;box-decoration-break:clone;padding-top:0px;padding-right:0px;padding-bottom:0px;padding-left:0px;}.wp-block-kadence-advancedheading.kt-adv-heading3624_6b49f6-79 img.kb-inline-image, .wp-block-kadence-advancedheading.kt-adv-heading3624_6b49f6-79[data-kb-block=\"kb-adv-heading3624_6b49f6-79\"] img.kb-inline-image{width:150px;vertical-align:baseline;}<\/style>\n<h4 class=\"kt-adv-heading3624_6b49f6-79 wp-block-kadence-advancedheading\" data-kb-block=\"kb-adv-heading3624_6b49f6-79\">2. Types de Donn\u00e9es collect\u00e9es Donn\u00e9es<\/h4>\n\n\n\n<p>Parmi les Donn\u00e9es Personnelles collect\u00e9es par ce Site Web, de mani\u00e8re autonome ou par l&rsquo;interm\u00e9diaire de tiers, figurent :<br><br><strong>Formulaire de contact :<\/strong>&nbsp;Nom, adresse e-mail et toute donn\u00e9e ins\u00e9r\u00e9e dans le message pour la demande de rendez-vous.<br><br><strong>Donn\u00e9es de navigation :<\/strong>&nbsp;Adresse IP, donn\u00e9es d&rsquo;utilisation (collect\u00e9es via Google Fonts).<\/p>\n\n\n<style>.wp-block-kadence-advancedheading.kt-adv-heading3624_cdf31e-71, .wp-block-kadence-advancedheading.kt-adv-heading3624_cdf31e-71[data-kb-block=\"kb-adv-heading3624_cdf31e-71\"]{font-size:22px;font-style:normal;}.wp-block-kadence-advancedheading.kt-adv-heading3624_cdf31e-71 mark.kt-highlight, .wp-block-kadence-advancedheading.kt-adv-heading3624_cdf31e-71[data-kb-block=\"kb-adv-heading3624_cdf31e-71\"] mark.kt-highlight{font-style:normal;color:#f76a0c;-webkit-box-decoration-break:clone;box-decoration-break:clone;padding-top:0px;padding-right:0px;padding-bottom:0px;padding-left:0px;}.wp-block-kadence-advancedheading.kt-adv-heading3624_cdf31e-71 img.kb-inline-image, .wp-block-kadence-advancedheading.kt-adv-heading3624_cdf31e-71[data-kb-block=\"kb-adv-heading3624_cdf31e-71\"] img.kb-inline-image{width:150px;vertical-align:baseline;}<\/style>\n<h4 class=\"kt-adv-heading3624_cdf31e-71 wp-block-kadence-advancedheading\" data-kb-block=\"kb-adv-heading3624_cdf31e-71\"><strong><strong><strong>3. Finalit\u00e9s du Traitement<\/strong><\/strong><\/strong><\/h4>\n\n\n\n<p>Les Donn\u00e9es de l&rsquo;Utilisateur sont collect\u00e9es pour permettre au Responsable de fournir ses Services, ainsi que pour les finalit\u00e9s suivantes :<br><strong>Contacter l&rsquo;Utilisateur :<\/strong>&nbsp;Pour r\u00e9pondre aux demandes de rendez-vous ou d&rsquo;informations envoy\u00e9es via le formulaire.<br><\/p>\n\n\n<style>.wp-block-kadence-advancedheading.kt-adv-heading3624_da1e8a-36, .wp-block-kadence-advancedheading.kt-adv-heading3624_da1e8a-36[data-kb-block=\"kb-adv-heading3624_da1e8a-36\"]{font-size:22px;font-style:normal;}.wp-block-kadence-advancedheading.kt-adv-heading3624_da1e8a-36 mark.kt-highlight, .wp-block-kadence-advancedheading.kt-adv-heading3624_da1e8a-36[data-kb-block=\"kb-adv-heading3624_da1e8a-36\"] mark.kt-highlight{font-style:normal;color:#f76a0c;-webkit-box-decoration-break:clone;box-decoration-break:clone;padding-top:0px;padding-right:0px;padding-bottom:0px;padding-left:0px;}.wp-block-kadence-advancedheading.kt-adv-heading3624_da1e8a-36 img.kb-inline-image, .wp-block-kadence-advancedheading.kt-adv-heading3624_da1e8a-36[data-kb-block=\"kb-adv-heading3624_da1e8a-36\"] img.kb-inline-image{width:150px;vertical-align:baseline;}<\/style>\n<h4 class=\"kt-adv-heading3624_da1e8a-36 wp-block-kadence-advancedheading\" data-kb-block=\"kb-adv-heading3624_da1e8a-36\">4. Base juridique du traitement<\/h4>\n\n\n\n<p><strong>Affichage de contenus de plateformes externes :<\/strong>&nbsp;Affichage de polices de caract\u00e8res (Google Fonts).<br>Le traitement de vos donn\u00e9es est bas\u00e9 sur :<br>Le&nbsp;<strong>consentement<\/strong>&nbsp;de l&rsquo;utilisateur (pour le formulaire de contact).<br>L&rsquo;<strong>int\u00e9r\u00eat l\u00e9gitime<\/strong>&nbsp;du Responsable (pour assurer le bon fonctionnement technique du site).<br><\/p>\n\n\n<style>.wp-block-kadence-advancedheading.kt-adv-heading3624_e87388-7b, .wp-block-kadence-advancedheading.kt-adv-heading3624_e87388-7b[data-kb-block=\"kb-adv-heading3624_e87388-7b\"]{font-size:22px;font-style:normal;}.wp-block-kadence-advancedheading.kt-adv-heading3624_e87388-7b mark.kt-highlight, .wp-block-kadence-advancedheading.kt-adv-heading3624_e87388-7b[data-kb-block=\"kb-adv-heading3624_e87388-7b\"] mark.kt-highlight{font-style:normal;color:#f76a0c;-webkit-box-decoration-break:clone;box-decoration-break:clone;padding-top:0px;padding-right:0px;padding-bottom:0px;padding-left:0px;}.wp-block-kadence-advancedheading.kt-adv-heading3624_e87388-7b img.kb-inline-image, .wp-block-kadence-advancedheading.kt-adv-heading3624_e87388-7b[data-kb-block=\"kb-adv-heading3624_e87388-7b\"] img.kb-inline-image{width:150px;vertical-align:baseline;}<\/style>\n<h4 class=\"kt-adv-heading3624_e87388-7b wp-block-kadence-advancedheading\" data-kb-block=\"kb-adv-heading3624_e87388-7b\">5. Lieu du Traitement et Transfert<\/h4>\n\n\n\n<p>Les donn\u00e9es sont trait\u00e9es au si\u00e8ge op\u00e9rationnel du Responsable et dans tout autre lieu o\u00f9 les parties impliqu\u00e9es dans le traitement sont situ\u00e9es. Les serveurs d&rsquo;h\u00e9bergement sont fournis par&nbsp;<strong>Hostinger<\/strong>, situ\u00e9s en&nbsp;<strong>Europe<\/strong>, garantissant la conformit\u00e9 au RGPD.<br><\/p>\n\n\n<style>.wp-block-kadence-advancedheading.kt-adv-heading3624_037a4e-79, .wp-block-kadence-advancedheading.kt-adv-heading3624_037a4e-79[data-kb-block=\"kb-adv-heading3624_037a4e-79\"]{font-size:22px;font-style:normal;}.wp-block-kadence-advancedheading.kt-adv-heading3624_037a4e-79 mark.kt-highlight, .wp-block-kadence-advancedheading.kt-adv-heading3624_037a4e-79[data-kb-block=\"kb-adv-heading3624_037a4e-79\"] mark.kt-highlight{font-style:normal;color:#f76a0c;-webkit-box-decoration-break:clone;box-decoration-break:clone;padding-top:0px;padding-right:0px;padding-bottom:0px;padding-left:0px;}.wp-block-kadence-advancedheading.kt-adv-heading3624_037a4e-79 img.kb-inline-image, .wp-block-kadence-advancedheading.kt-adv-heading3624_037a4e-79[data-kb-block=\"kb-adv-heading3624_037a4e-79\"] img.kb-inline-image{width:150px;vertical-align:baseline;}<\/style>\n<h4 class=\"kt-adv-heading3624_037a4e-79 wp-block-kadence-advancedheading\" data-kb-block=\"kb-adv-heading3624_037a4e-79\">6. Dur\u00e9e de conservation<\/h4>\n\n\n\n<p>Les Donn\u00e9es sont trait\u00e9es et conserv\u00e9es pendant le temps n\u00e9cessaire aux finalit\u00e9s pour lesquelles elles ont \u00e9t\u00e9 collect\u00e9es. Les donn\u00e9es envoy\u00e9es via le formulaire de contact seront conserv\u00e9es pendant la dur\u00e9e n\u00e9cessaire \u00e0 la gestion de la relation professionnelle.<\/p>\n\n\n<style>.wp-block-kadence-advancedheading.kt-adv-heading3624_f67091-e9, .wp-block-kadence-advancedheading.kt-adv-heading3624_f67091-e9[data-kb-block=\"kb-adv-heading3624_f67091-e9\"]{font-size:22px;font-style:normal;}.wp-block-kadence-advancedheading.kt-adv-heading3624_f67091-e9 mark.kt-highlight, .wp-block-kadence-advancedheading.kt-adv-heading3624_f67091-e9[data-kb-block=\"kb-adv-heading3624_f67091-e9\"] mark.kt-highlight{font-style:normal;color:#f76a0c;-webkit-box-decoration-break:clone;box-decoration-break:clone;padding-top:0px;padding-right:0px;padding-bottom:0px;padding-left:0px;}.wp-block-kadence-advancedheading.kt-adv-heading3624_f67091-e9 img.kb-inline-image, .wp-block-kadence-advancedheading.kt-adv-heading3624_f67091-e9[data-kb-block=\"kb-adv-heading3624_f67091-e9\"] img.kb-inline-image{width:150px;vertical-align:baseline;}<\/style>\n<h2 class=\"kt-adv-heading3624_f67091-e9 wp-block-kadence-advancedheading\" data-kb-block=\"kb-adv-heading3624_f67091-e9\">7. Droits de l&rsquo;Utilisateur<\/h2>\n\n\n\n<p>Conform\u00e9ment au RGPD, les Utilisateurs peuvent exercer certains droits concernant leurs Donn\u00e9es, notamment le droit d&rsquo;acc\u00e9der, de rectifier, de supprimer leurs Donn\u00e9es ou de s&rsquo;opposer \u00e0 leur traitement en envoyant un e-mail \u00e0 :<br>&nbsp;<strong>contact@raffaellapisani.com<\/strong>.<\/p>\n<\/div><\/div>\n\n<\/div><\/div>","protected":false},"excerpt":{"rendered":"<p>Politique de Confidentialit\u00e9 Derni\u00e8re mise \u00e0 jour :&nbsp;20 f\u00e9vrier 2026 1. Responsable du Traitement des Donn\u00e9es Le Responsable du traitement est :Raffaella Pisani&nbsp;Si\u00e8ge social : 180 rue du Nant Bertaux,&#8230;<\/p>","protected":false},"author":4,"featured_media":0,"parent":0,"menu_order":0,"comment_status":"closed","ping_status":"closed","template":"","meta":{"_seopress_robots_primary_cat":"","_seopress_titles_title":"","_seopress_titles_desc":"","_seopress_robots_index":"","_kad_blocks_custom_css":"","_kad_blocks_head_custom_js":"","_kad_blocks_body_custom_js":"","_kad_blocks_footer_custom_js":"","_price":"","_stock":"","_tribe_ticket_header":"","_tribe_default_ticket_provider":"","_tribe_ticket_capacity":"0","_ticket_start_date":"","_ticket_end_date":"","_tribe_ticket_show_description":"","_tribe_ticket_show_not_going":false,"_tribe_ticket_use_global_stock":"","_tribe_ticket_global_stock_level":"","_global_stock_mode":"","_global_stock_cap":"","_tribe_rsvp_for_event":"","_tribe_ticket_going_count":"","_tribe_ticket_not_going_count":"","_tribe_tickets_list":"[]","_tribe_ticket_has_attendee_info_fields":false,"_EventAllDay":false,"_EventTimezone":"","_EventStartDate":"","_EventEndDate":"","_EventStartDateUTC":"","_EventEndDateUTC":"","_EventShowMap":false,"_EventShowMapLink":false,"_EventURL":"","_EventCost":"","_EventCostDescription":"","_EventCurrencySymbol":"","_EventCurrencyCode":"","_EventCurrencyPosition":"","_EventDateTimeSeparator":"","_EventTimeRangeSeparator":"","_EventOrganizerID":[],"_EventVenueID":[],"_OrganizerEmail":"","_OrganizerPhone":"","_OrganizerWebsite":"","_VenueAddress":"","_VenueCity":"","_VenueCountry":"","_VenueProvince":"","_VenueState":"","_VenueZip":"","_VenuePhone":"","_VenueURL":"","_VenueStateProvince":"","_VenueLat":"","_VenueLng":"","_VenueShowMap":false,"_VenueShowMapLink":false,"_kadence_starter_templates_imported_post":false,"_kad_post_transparent":"","_kad_post_title":"","_kad_post_layout":"","_kad_post_sidebar_id":"","_kad_post_content_style":"","_kad_post_vertical_padding":"","_kad_post_feature":"","_kad_post_feature_position":"","_kad_post_header":false,"_kad_post_footer":false,"_kad_post_classname":"","footnotes":"","_tec_slr_enabled":"","_tec_slr_layout":""},"class_list":["post-3624","page","type-page","status-publish","hentry"],"taxonomy_info":[],"featured_image_src_large":false,"author_info":{"display_name":"carlos.rosales","author_link":"https:\/\/raffaellapisani.com\/it\/author\/carlos-rosales\/"},"comment_info":0,"ticketed":false,"_links":{"self":[{"href":"https:\/\/raffaellapisani.com\/it\/wp-json\/wp\/v2\/pages\/3624","targetHints":{"allow":["GET"]}}],"collection":[{"href":"https:\/\/raffaellapisani.com\/it\/wp-json\/wp\/v2\/pages"}],"about":[{"href":"https:\/\/raffaellapisani.com\/it\/wp-json\/wp\/v2\/types\/page"}],"author":[{"embeddable":true,"href":"https:\/\/raffaellapisani.com\/it\/wp-json\/wp\/v2\/users\/4"}],"replies":[{"embeddable":true,"href":"https:\/\/raffaellapisani.com\/it\/wp-json\/wp\/v2\/comments?post=3624"}],"version-history":[{"count":14,"href":"https:\/\/raffaellapisani.com\/it\/wp-json\/wp\/v2\/pages\/3624\/revisions"}],"predecessor-version":[{"id":4298,"href":"https:\/\/raffaellapisani.com\/it\/wp-json\/wp\/v2\/pages\/3624\/revisions\/4298"}],"wp:attachment":[{"href":"https:\/\/raffaellapisani.com\/it\/wp-json\/wp\/v2\/media?parent=3624"}],"curies":[{"name":"wp","href":"https:\/\/api.w.org\/{rel}","templated":true}]}}