{"id":33,"date":"2026-01-26T15:37:50","date_gmt":"2026-01-26T15:37:50","guid":{"rendered":"https:\/\/raffaellapisani.com\/?page_id=33"},"modified":"2026-03-16T16:30:20","modified_gmt":"2026-03-16T16:30:20","slug":"contact-me","status":"publish","type":"page","link":"https:\/\/raffaellapisani.com\/it\/contact-me\/","title":{"rendered":"Contatti"},"content":{"rendered":"\n<div style=\"height:200px\" aria-hidden=\"true\" class=\"wp-block-spacer\"><\/div>\n\n\n<style>.kb-row-layout-id33_7a48bc-41 > .kt-row-column-wrap{align-content:start;}:where(.kb-row-layout-id33_7a48bc-41 > .kt-row-column-wrap) > .wp-block-kadence-column{justify-content:start;}.kb-row-layout-id33_7a48bc-41 > .kt-row-column-wrap{column-gap:var(--global-kb-gap-md, 2rem);row-gap:var(--global-kb-gap-md, 2rem);max-width:812px;margin-left:auto;margin-right:auto;padding-top:var(--global-kb-spacing-sm, 1.5rem);padding-right:var(--global-kb-spacing-md, 2rem);padding-bottom:var(--global-kb-spacing-sm, 1.5rem);padding-left:var(--global-kb-spacing-md, 2rem);grid-template-columns:minmax(0, calc(75% - ((var(--global-kb-gap-md, 2rem) * 1 )\/2)))minmax(0, calc(25% - ((var(--global-kb-gap-md, 2rem) * 1 )\/2)));}.kb-row-layout-id33_7a48bc-41 > .kt-row-layout-overlay{opacity:0.30;}@media all and (max-width: 1024px){.kb-row-layout-id33_7a48bc-41 > .kt-row-column-wrap{grid-template-columns:repeat(2, minmax(0, 1fr));}}@media all and (max-width: 767px){.kb-row-layout-id33_7a48bc-41 > .kt-row-column-wrap{grid-template-columns:minmax(0, 1fr);}}<\/style><div class=\"kb-row-layout-wrap kb-row-layout-id33_7a48bc-41 alignnone wp-block-kadence-rowlayout\"><div class=\"kt-row-column-wrap kt-has-2-columns kt-row-layout-equal kt-tab-layout-inherit kt-mobile-layout-row kt-row-valign-top\">\n<style>.kadence-column33_8f6080-f9 > .kt-inside-inner-col,.kadence-column33_8f6080-f9 > .kt-inside-inner-col:before{border-top-left-radius:0px;border-top-right-radius:0px;border-bottom-right-radius:0px;border-bottom-left-radius:0px;}.kadence-column33_8f6080-f9 > .kt-inside-inner-col{column-gap:var(--global-kb-gap-sm, 1rem);}.kadence-column33_8f6080-f9 > .kt-inside-inner-col{flex-direction:column;}.kadence-column33_8f6080-f9 > .kt-inside-inner-col > .aligncenter{width:100%;}.kadence-column33_8f6080-f9 > .kt-inside-inner-col:before{opacity:0.3;}.kadence-column33_8f6080-f9{position:relative;}@media all and (max-width: 1024px){.kadence-column33_8f6080-f9 > .kt-inside-inner-col{flex-direction:column;justify-content:center;}}@media all and (max-width: 767px){.kadence-column33_8f6080-f9 > .kt-inside-inner-col{flex-direction:column;justify-content:center;}}<\/style>\n<div class=\"wp-block-kadence-column kadence-column33_8f6080-f9\"><div class=\"kt-inside-inner-col\"><style>.wp-block-kadence-advancedheading.kt-adv-heading33_bd0edf-41, .wp-block-kadence-advancedheading.kt-adv-heading33_bd0edf-41[data-kb-block=\"kb-adv-heading33_bd0edf-41\"]{font-style:normal;}.wp-block-kadence-advancedheading.kt-adv-heading33_bd0edf-41 mark.kt-highlight, .wp-block-kadence-advancedheading.kt-adv-heading33_bd0edf-41[data-kb-block=\"kb-adv-heading33_bd0edf-41\"] mark.kt-highlight{font-style:normal;color:#f76a0c;-webkit-box-decoration-break:clone;box-decoration-break:clone;padding-top:0px;padding-right:0px;padding-bottom:0px;padding-left:0px;}.wp-block-kadence-advancedheading.kt-adv-heading33_bd0edf-41 img.kb-inline-image, .wp-block-kadence-advancedheading.kt-adv-heading33_bd0edf-41[data-kb-block=\"kb-adv-heading33_bd0edf-41\"] img.kb-inline-image{width:150px;vertical-align:baseline;}<\/style>\n<h2 class=\"kt-adv-heading33_bd0edf-41 wp-block-kadence-advancedheading\" data-kb-block=\"kb-adv-heading33_bd0edf-41\">Pour toute information ou pour r\u00e9server, \u00e9crivez-moi ici.<\/h2>\n<\/div><\/div>\n\n\n<style>.kadence-column33_891f6d-36 > .kt-inside-inner-col,.kadence-column33_891f6d-36 > .kt-inside-inner-col:before{border-top-left-radius:0px;border-top-right-radius:0px;border-bottom-right-radius:0px;border-bottom-left-radius:0px;}.kadence-column33_891f6d-36 > .kt-inside-inner-col{column-gap:var(--global-kb-gap-sm, 1rem);}.kadence-column33_891f6d-36 > .kt-inside-inner-col{flex-direction:column;}.kadence-column33_891f6d-36 > .kt-inside-inner-col > .aligncenter{width:100%;}.kadence-column33_891f6d-36 > .kt-inside-inner-col:before{opacity:0.3;}.kadence-column33_891f6d-36{position:relative;}@media all and (max-width: 1024px){.kadence-column33_891f6d-36 > .kt-inside-inner-col{flex-direction:column;justify-content:center;}}@media all and (max-width: 767px){.kadence-column33_891f6d-36 > .kt-inside-inner-col{flex-direction:column;justify-content:center;}}<\/style>\n<div class=\"wp-block-kadence-column kadence-column33_891f6d-36\"><div class=\"kt-inside-inner-col\"><\/div><\/div>\n\n<\/div><\/div>\n\n<style>.kb-row-layout-id33_f4174d-b8 > .kt-row-column-wrap{align-content:start;}:where(.kb-row-layout-id33_f4174d-b8 > .kt-row-column-wrap) > .wp-block-kadence-column{justify-content:start;}.kb-row-layout-id33_f4174d-b8 > .kt-row-column-wrap{column-gap:var(--global-kb-gap-md, 2rem);row-gap:var(--global-kb-gap-md, 2rem);max-width:812px;margin-left:auto;margin-right:auto;padding-top:var(--global-kb-spacing-sm, 1.5rem);padding-bottom:var(--global-kb-spacing-sm, 1.5rem);grid-template-columns:minmax(0, 1fr);}.kb-row-layout-id33_f4174d-b8 > .kt-row-layout-overlay{opacity:0.30;}@media all and (max-width: 1024px){.kb-row-layout-id33_f4174d-b8 > .kt-row-column-wrap{grid-template-columns:minmax(0, 1fr);}}@media all and (max-width: 767px){.kb-row-layout-id33_f4174d-b8 > .kt-row-column-wrap{grid-template-columns:minmax(0, 1fr);}}<\/style><div class=\"kb-row-layout-wrap kb-row-layout-id33_f4174d-b8 alignnone wp-block-kadence-rowlayout\"><div class=\"kt-row-column-wrap kt-has-1-columns kt-row-layout-equal kt-tab-layout-inherit kt-mobile-layout-row kt-row-valign-top\">\n<style>.kadence-column33_abb4ae-c8 > .kt-inside-inner-col,.kadence-column33_abb4ae-c8 > .kt-inside-inner-col:before{border-top-left-radius:0px;border-top-right-radius:0px;border-bottom-right-radius:0px;border-bottom-left-radius:0px;}.kadence-column33_abb4ae-c8 > .kt-inside-inner-col{column-gap:var(--global-kb-gap-sm, 1rem);}.kadence-column33_abb4ae-c8 > .kt-inside-inner-col{flex-direction:column;}.kadence-column33_abb4ae-c8 > .kt-inside-inner-col > .aligncenter{width:100%;}.kadence-column33_abb4ae-c8 > .kt-inside-inner-col:before{opacity:0.3;}.kadence-column33_abb4ae-c8{position:relative;}@media all and (max-width: 1024px){.kadence-column33_abb4ae-c8 > .kt-inside-inner-col{flex-direction:column;justify-content:center;}}@media all and (max-width: 767px){.kadence-column33_abb4ae-c8 > .kt-inside-inner-col{flex-direction:column;justify-content:center;}}<\/style>\n<div class=\"wp-block-kadence-column kadence-column33_abb4ae-c8\"><div class=\"kt-inside-inner-col\"><style>.wp-block-kadence-advanced-form3686-cpt-id, .wp-block-kadence-advanced-form3686-cpt-id.kb-form-has-background{padding-top:var(--global-kb-spacing-md, 2rem);padding-right:var(--global-kb-spacing-md, 2rem);padding-bottom:var(--global-kb-spacing-md, 2rem);padding-left:var(--global-kb-spacing-md, 2rem);}.wp-block-kadence-advanced-form3686-cpt-id .kb-advanced-form input[type=text],.wp-block-kadence-advanced-form3686-cpt-id .kb-advanced-form input[type=tel],.wp-block-kadence-advanced-form3686-cpt-id .kb-advanced-form input[type=number],.wp-block-kadence-advanced-form3686-cpt-id .kb-advanced-form input[type=date],.wp-block-kadence-advanced-form3686-cpt-id .kb-advanced-form input[type=time],.wp-block-kadence-advanced-form3686-cpt-id .kb-advanced-form input[type=email],.wp-block-kadence-advanced-form3686-cpt-id .kb-advanced-form input[type=file],.wp-block-kadence-advanced-form3686-cpt-id .kb-advanced-form select,.wp-block-kadence-advanced-form3686-cpt-id .kb-advanced-form textarea{border-top:0px solid #B9B9C5;border-right:0px solid #B9B9C5;border-bottom:2px solid #b9b9c5;border-left:0px solid #B9B9C5;border-top-left-radius:0px;border-top-right-radius:0px;border-bottom-right-radius:0px;border-bottom-left-radius:0px;box-shadow:0px 0px 0px 0px rgba(0, 0, 0, 0);}.wp-block-kadence-advanced-form3686-cpt-id{--kb-form-border-width:0px;--kb-form-border-color:#B9B9C5;}.wp-block-kadence-advanced-form3686-cpt-id input[type=text]:focus,.wp-block-kadence-advanced-form3686-cpt-id input[type=email]:focus,.wp-block-kadence-advanced-form3686-cpt-id input[type=tel]:focus,.wp-block-kadence-advanced-form3686-cpt-id input[type=date]:focus,.wp-block-kadence-advanced-form3686-cpt-id input[type=number]:focus,.wp-block-kadence-advanced-form3686-cpt-id input[type=time]:focus,.wp-block-kadence-advanced-form3686-cpt-id input[type=file]:focus,.wp-block-kadence-advanced-form3686-cpt-id select:focus,.wp-block-kadence-advanced-form3686-cpt-id textarea:focus{border-color:var(--global-palette1, #3182CE);box-shadow:0px 0px 0px 0px rgba(0, 0, 0, 0);}.wp-block-kadence-advanced-form3686-cpt-id .kb-adv-form-field .kb-adv-form-label{color:#909097;}@media all and (max-width: 1024px){.wp-block-kadence-advanced-form3686-cpt-id .kb-advanced-form input[type=text],.wp-block-kadence-advanced-form3686-cpt-id .kb-advanced-form input[type=tel],.wp-block-kadence-advanced-form3686-cpt-id .kb-advanced-form input[type=number],.wp-block-kadence-advanced-form3686-cpt-id .kb-advanced-form input[type=date],.wp-block-kadence-advanced-form3686-cpt-id .kb-advanced-form input[type=time],.wp-block-kadence-advanced-form3686-cpt-id .kb-advanced-form input[type=email],.wp-block-kadence-advanced-form3686-cpt-id .kb-advanced-form input[type=file],.wp-block-kadence-advanced-form3686-cpt-id .kb-advanced-form select,.wp-block-kadence-advanced-form3686-cpt-id .kb-advanced-form textarea{border-top:0px solid #B9B9C5;border-right:0px solid #B9B9C5;border-bottom:2px solid #b9b9c5;border-left:0px solid #B9B9C5;}}@media all and (max-width: 767px){.wp-block-kadence-advanced-form3686-cpt-id .kb-advanced-form input[type=text],.wp-block-kadence-advanced-form3686-cpt-id .kb-advanced-form input[type=tel],.wp-block-kadence-advanced-form3686-cpt-id .kb-advanced-form input[type=number],.wp-block-kadence-advanced-form3686-cpt-id .kb-advanced-form input[type=date],.wp-block-kadence-advanced-form3686-cpt-id .kb-advanced-form input[type=time],.wp-block-kadence-advanced-form3686-cpt-id .kb-advanced-form input[type=email],.wp-block-kadence-advanced-form3686-cpt-id .kb-advanced-form input[type=file],.wp-block-kadence-advanced-form3686-cpt-id .kb-advanced-form select,.wp-block-kadence-advanced-form3686-cpt-id .kb-advanced-form textarea{border-top:0px solid #B9B9C5;border-right:0px solid #B9B9C5;border-bottom:2px solid #b9b9c5;border-left:0px solid #B9B9C5;}}<\/style><div class=\"wp-block-kadence-advanced-form wp-block-kadence-advanced-form3686-cpt-id kb-adv-form-label-style-float kb-adv-form-input-size-standard kb-form-basic-style wp-block-kadence-advanced-form\"><form id=\"kb-adv-form-3686-cpt-id\" class=\"kb-advanced-form\" method=\"post\">\n<style>.kb-row-layout-id33_59f2c2-6e > .kt-row-column-wrap{align-content:start;}:where(.kb-row-layout-id33_59f2c2-6e > .kt-row-column-wrap) > .wp-block-kadence-column{justify-content:start;}.kb-row-layout-id33_59f2c2-6e > .kt-row-column-wrap{column-gap:var(--global-kb-gap-md, 2rem);row-gap:var(--global-kb-gap-md, 2rem);padding-top:0px;padding-right:0px;padding-bottom:0px;padding-left:0px;grid-template-columns:repeat(2, minmax(0, 1fr));}.kb-row-layout-id33_59f2c2-6e > .kt-row-layout-overlay{opacity:0.30;}@media all and (max-width: 1024px){.kb-row-layout-id33_59f2c2-6e > .kt-row-column-wrap{grid-template-columns:repeat(2, minmax(0, 1fr));}}@media all and (max-width: 767px){.kb-row-layout-id33_59f2c2-6e > .kt-row-column-wrap{grid-template-columns:minmax(0, 1fr);}}<\/style><div class=\"kb-row-layout-wrap kb-row-layout-id33_59f2c2-6e alignnone wp-block-kadence-rowlayout\"><div class=\"kt-row-column-wrap kt-has-2-columns kt-row-layout-equal kt-tab-layout-inherit kt-mobile-layout-row kt-row-valign-top\">\n<style>.kadence-column33_8641d9-99 > .kt-inside-inner-col,.kadence-column33_8641d9-99 > .kt-inside-inner-col:before{border-top-left-radius:0px;border-top-right-radius:0px;border-bottom-right-radius:0px;border-bottom-left-radius:0px;}.kadence-column33_8641d9-99 > .kt-inside-inner-col{column-gap:var(--global-kb-gap-sm, 1rem);}.kadence-column33_8641d9-99 > .kt-inside-inner-col{flex-direction:column;}.kadence-column33_8641d9-99 > .kt-inside-inner-col > .aligncenter{width:100%;}.kadence-column33_8641d9-99 > .kt-inside-inner-col:before{opacity:0.3;}.kadence-column33_8641d9-99{position:relative;}@media all and (max-width: 1024px){.kadence-column33_8641d9-99 > .kt-inside-inner-col{flex-direction:column;justify-content:center;}}@media all and (max-width: 767px){.kadence-column33_8641d9-99 > .kt-inside-inner-col{flex-direction:column;justify-content:center;}}<\/style>\n<div class=\"wp-block-kadence-column kadence-column33_8641d9-99\"><div class=\"kt-inside-inner-col\"><div class=\"kb-adv-form-field kb-adv-form-text-type-input kb-adv-form-infield-type-input kb-field36864b7404-42 wp-block-kadence-advanced-form-text\"><label class=\"kb-adv-form-label\" for=\"field36864b7404-42\">Name<\/label><input name=\"field4b7404-42\" id=\"field36864b7404-42\" data-label=\"Name\" type=\"text\" placeholder=\"\" value=\"\" data-type=\"text\" class=\"kb-field kb-text-field\" data-required=\"no\" \/><\/div><\/div><\/div>\n\n\n<style>.kadence-column33_a393c9-62 > .kt-inside-inner-col,.kadence-column33_a393c9-62 > .kt-inside-inner-col:before{border-top-left-radius:0px;border-top-right-radius:0px;border-bottom-right-radius:0px;border-bottom-left-radius:0px;}.kadence-column33_a393c9-62 > .kt-inside-inner-col{column-gap:var(--global-kb-gap-sm, 1rem);}.kadence-column33_a393c9-62 > .kt-inside-inner-col{flex-direction:column;}.kadence-column33_a393c9-62 > .kt-inside-inner-col > .aligncenter{width:100%;}.kadence-column33_a393c9-62 > .kt-inside-inner-col:before{opacity:0.3;}.kadence-column33_a393c9-62{position:relative;}@media all and (max-width: 1024px){.kadence-column33_a393c9-62 > .kt-inside-inner-col{flex-direction:column;justify-content:center;}}@media all and (max-width: 767px){.kadence-column33_a393c9-62 > .kt-inside-inner-col{flex-direction:column;justify-content:center;}}<\/style>\n<div class=\"wp-block-kadence-column kadence-column33_a393c9-62\"><div class=\"kt-inside-inner-col\"><div class=\"kb-adv-form-field kb-adv-form-text-type-input kb-adv-form-infield-type-input kb-field3686b00db1-83 wp-block-kadence-advanced-form-email\"><label class=\"kb-adv-form-label\" for=\"field3686b00db1-83\">Email<span class=\"kb-adv-form-required\">*<\/span><\/label><input name=\"fieldb00db1-83\" id=\"field3686b00db1-83\" data-label=\"Email\" type=\"email\" placeholder=\"\" value=\"\" data-type=\"email\" class=\"kb-field kb-email-field\" data-required=\"yes\" required aria-required=\"true\"\/><\/div><\/div><\/div>\n\n<\/div><\/div>\n\n<style>.kb-row-layout-id33_b7d746-6e > .kt-row-column-wrap{align-content:start;}:where(.kb-row-layout-id33_b7d746-6e > .kt-row-column-wrap) > .wp-block-kadence-column{justify-content:start;}.kb-row-layout-id33_b7d746-6e > .kt-row-column-wrap{column-gap:var(--global-kb-gap-md, 2rem);row-gap:var(--global-kb-gap-md, 2rem);padding-top:0px;padding-right:0px;padding-bottom:0px;padding-left:0px;grid-template-columns:repeat(2, minmax(0, 1fr));}.kb-row-layout-id33_b7d746-6e > .kt-row-layout-overlay{opacity:0.30;}@media all and (max-width: 1024px){.kb-row-layout-id33_b7d746-6e > .kt-row-column-wrap{grid-template-columns:repeat(2, minmax(0, 1fr));}}@media all and (max-width: 767px){.kb-row-layout-id33_b7d746-6e > .kt-row-column-wrap{grid-template-columns:minmax(0, 1fr);}}<\/style><div class=\"kb-row-layout-wrap kb-row-layout-id33_b7d746-6e alignnone wp-block-kadence-rowlayout\"><div class=\"kt-row-column-wrap kt-has-2-columns kt-row-layout-equal kt-tab-layout-inherit kt-mobile-layout-row kt-row-valign-top\">\n<style>.kadence-column33_ae675b-2e > .kt-inside-inner-col,.kadence-column33_ae675b-2e > .kt-inside-inner-col:before{border-top-left-radius:0px;border-top-right-radius:0px;border-bottom-right-radius:0px;border-bottom-left-radius:0px;}.kadence-column33_ae675b-2e > .kt-inside-inner-col{column-gap:var(--global-kb-gap-sm, 1rem);}.kadence-column33_ae675b-2e > .kt-inside-inner-col{flex-direction:column;}.kadence-column33_ae675b-2e > .kt-inside-inner-col > .aligncenter{width:100%;}.kadence-column33_ae675b-2e > .kt-inside-inner-col:before{opacity:0.3;}.kadence-column33_ae675b-2e{position:relative;}@media all and (max-width: 1024px){.kadence-column33_ae675b-2e > .kt-inside-inner-col{flex-direction:column;justify-content:center;}}@media all and (max-width: 767px){.kadence-column33_ae675b-2e > .kt-inside-inner-col{flex-direction:column;justify-content:center;}}<\/style>\n<div class=\"wp-block-kadence-column kadence-column33_ae675b-2e\"><div class=\"kt-inside-inner-col\"><style>.wp-block-kadence-advancedheading.kt-adv-heading33_6dc896-56, .wp-block-kadence-advancedheading.kt-adv-heading33_6dc896-56[data-kb-block=\"kb-adv-heading33_6dc896-56\"]{font-size:var(--global-kb-font-size-md, 1.25rem);font-style:normal;}.wp-block-kadence-advancedheading.kt-adv-heading33_6dc896-56 mark.kt-highlight, .wp-block-kadence-advancedheading.kt-adv-heading33_6dc896-56[data-kb-block=\"kb-adv-heading33_6dc896-56\"] mark.kt-highlight{font-style:normal;color:#f76a0c;-webkit-box-decoration-break:clone;box-decoration-break:clone;padding-top:0px;padding-right:0px;padding-bottom:0px;padding-left:0px;}.wp-block-kadence-advancedheading.kt-adv-heading33_6dc896-56 img.kb-inline-image, .wp-block-kadence-advancedheading.kt-adv-heading33_6dc896-56[data-kb-block=\"kb-adv-heading33_6dc896-56\"] img.kb-inline-image{width:150px;vertical-align:baseline;}<\/style>\n<h2 class=\"kt-adv-heading33_6dc896-56 wp-block-kadence-advancedheading\" data-kb-block=\"kb-adv-heading33_6dc896-56\">Domaine d\u2019int\u00e9r\u00eat<\/h2>\n\n\n<div class=\"kb-adv-form-field kb-field36861a0e92-11 wp-block-kadence-advanced-form-radio\"><fieldset class=\"kb-radio-check-item-wrap\" id=\"rb36861a0e92-11\" data-type=\"radio\" data-required=\"no\" ><legend class=\"screen-reader-text\">Interessato a<\/legend><div class=\"kb-radio-check-item\"><input class=\"kb-radio-style\" type=\"radio\"  id=\"field36861a0e92-11_0\" name=\"field1a0e92-11\" checked value=\"Constellations Familiales\"><label for=\"field36861a0e92-11_0\">Constellations Familiales<\/label><\/div><div class=\"kb-radio-check-item\"><input class=\"kb-radio-style\" type=\"radio\"  id=\"field36861a0e92-11_1\" name=\"field1a0e92-11\"  value=\"LaHoChi\"><label for=\"field36861a0e92-11_1\">LaHoChi<\/label><\/div><div class=\"kb-radio-check-item\"><input class=\"kb-radio-style\" type=\"radio\"  id=\"field36861a0e92-11_2\" name=\"field1a0e92-11\"  value=\"Atelier\"><label for=\"field36861a0e92-11_2\">Atelier<\/label><\/div><div class=\"kb-radio-check-item\"><input class=\"kb-radio-style\" type=\"radio\"  id=\"field36861a0e92-11_3\" name=\"field1a0e92-11\"  value=\"Autre\"><label for=\"field36861a0e92-11_3\">Autre<\/label><\/div><\/fieldset><\/div><\/div><\/div>\n\n\n<style>.kadence-column33_c454e3-0b > .kt-inside-inner-col,.kadence-column33_c454e3-0b > .kt-inside-inner-col:before{border-top-left-radius:0px;border-top-right-radius:0px;border-bottom-right-radius:0px;border-bottom-left-radius:0px;}.kadence-column33_c454e3-0b > .kt-inside-inner-col{column-gap:var(--global-kb-gap-sm, 1rem);}.kadence-column33_c454e3-0b > .kt-inside-inner-col{flex-direction:column;}.kadence-column33_c454e3-0b > .kt-inside-inner-col > .aligncenter{width:100%;}.kadence-column33_c454e3-0b > .kt-inside-inner-col:before{opacity:0.3;}.kadence-column33_c454e3-0b{position:relative;}@media all and (max-width: 1024px){.kadence-column33_c454e3-0b > .kt-inside-inner-col{flex-direction:column;justify-content:center;}}@media all and (max-width: 767px){.kadence-column33_c454e3-0b > .kt-inside-inner-col{flex-direction:column;justify-content:center;}}<\/style>\n<div class=\"wp-block-kadence-column kadence-column33_c454e3-0b\"><div class=\"kt-inside-inner-col\"><\/div><\/div>\n\n<\/div><\/div>\n\n\n<p><a href=\"https:\/\/raffaellapisani.com\/contact-me\/\" target=\"_blank\" rel=\"noreferrer noopener\"><\/a><\/p>\n\n\n<div class=\"kb-adv-form-field kb-adv-form-text-type-input kb-adv-form-infield-type-input kb-field3686b9af9d-a1 wp-block-kadence-advanced-form-textarea\"><label class=\"kb-adv-form-label\" for=\"field3686b9af9d-a1\">Message<span class=\"kb-adv-form-required\">*<\/span><\/label><textarea name=\"fieldb9af9d-a1\" id=\"field3686b9af9d-a1\" rows=\"3\"  data-label=\"Message\" placeholder=\"\" data-type=\"textarea\" class=\"kb-field kb-textarea-field\" data-required=\"yes\" required aria-required=\"true\"><\/textarea><\/div>\n\n<div class=\"kb-adv-form-field kb-field3686eef95a-da wp-block-kadence-advanced-form-accept\"><fieldset class=\"kb-radio-check-item-wrap\" id=\"cb3686eef95a-da\" data-type=\"accept\" data-required=\"yes\" ><div class=\"kb-radio-check-item\"><input name=\"fieldeef95a-da\" id=\"field3686eef95a-da_0\" data-label=\"\" type=\"checkbox\" value=\"accept\" data-type=\"accept\" class=\"kb-field kb-accept-field kb-checkbox-field\" data-required=\"yes\" required aria-required=\"true\"\/><label for=\"field3686eef95a-da_0\">J&rsquo;accepte que mes donn\u00e9es soient trait\u00e9es conform\u00e9ment alla\u00a0<strong><a href=\"https:\/\/www.google.com\/search?q=link\" target=\"_blank\" rel=\"noreferrer noopener\">Politique de confidentialit\u00e9<\/a><\/strong>.  <em>Pour utiliser le formulaire de contact, vous devez accepter la Politique de confidentialit\u00e9<\/em><br><span class=\"kb-adv-form-required\">*<\/span><\/label><\/div><\/fieldset><\/div>\n\n<style>ul.menu .kb-submit-field .kb-btnec7667-18.kb-button{width:initial;}.kb-submit-field.kb-fieldec7667-18{justify-content:flex-start;}<\/style><div class=\"kb-adv-form-field kb-submit-field kb-fieldec7667-18 wp-block-kadence-advanced-form-submit\"><button class=\"kb-button kt-button button kb-adv-form-submit-button kb-btnec7667-18 kt-btn-size-small kt-btn-width-type-auto kb-btn-global-outline kt-btn-has-text-true kt-btn-has-svg-false\" type=\"submit\"><span class=\"kt-btn-inner-text\">Envoyer<\/span><\/button><\/div>\n\n<div class=\"kb-adv-form-field kb-field6c98c6-d4 wp-block-kadence-advanced-form-captcha\"><div class=\"cf-turnstile\" data-language=\"\" data-size=\"normal\" data-theme=\"light\" data-sitekey=\"0x4AAAAAACepNXJEkw7UK53C\"><\/div><\/div>\n<input type=\"hidden\" name=\"_kb_adv_form_post_id\" value=\"3686\"><input type=\"hidden\" name=\"action\" value=\"kb_process_advanced_form_submit\"><input type=\"hidden\" name=\"_kb_adv_form_id\" value=\"3686-cpt-id\"><\/form><\/div><\/div><\/div>\n\n<\/div><\/div>\n\n\n<div style=\"height:310px\" aria-hidden=\"true\" class=\"wp-block-spacer\"><\/div>\n\n\n\n<h1 class=\"screen-reader-text\">Contact \u2013 Raffaella Pisani<\/h1>\n","protected":false},"excerpt":{"rendered":"<p>Pour toute information ou pour r\u00e9server, \u00e9crivez-moi ici. Contact \u2013 Raffaella Pisani<\/p>","protected":false},"author":4,"featured_media":0,"parent":0,"menu_order":0,"comment_status":"closed","ping_status":"closed","template":"","meta":{"_seopress_robots_primary_cat":"","_seopress_titles_title":"","_seopress_titles_desc":"","_seopress_robots_index":"","_kad_blocks_custom_css":"","_kad_blocks_head_custom_js":"","_kad_blocks_body_custom_js":"","_kad_blocks_footer_custom_js":"","_price":"","_stock":"","_tribe_ticket_header":"","_tribe_default_ticket_provider":"","_tribe_ticket_capacity":"0","_ticket_start_date":"","_ticket_end_date":"","_tribe_ticket_show_description":"","_tribe_ticket_show_not_going":false,"_tribe_ticket_use_global_stock":"","_tribe_ticket_global_stock_level":"","_global_stock_mode":"","_global_stock_cap":"","_tribe_rsvp_for_event":"","_tribe_ticket_going_count":"","_tribe_ticket_not_going_count":"","_tribe_tickets_list":"[]","_tribe_ticket_has_attendee_info_fields":false,"_EventAllDay":false,"_EventTimezone":"","_EventStartDate":"","_EventEndDate":"","_EventStartDateUTC":"","_EventEndDateUTC":"","_EventShowMap":false,"_EventShowMapLink":false,"_EventURL":"","_EventCost":"","_EventCostDescription":"","_EventCurrencySymbol":"","_EventCurrencyCode":"","_EventCurrencyPosition":"","_EventDateTimeSeparator":"","_EventTimeRangeSeparator":"","_EventOrganizerID":[],"_EventVenueID":[],"_OrganizerEmail":"","_OrganizerPhone":"","_OrganizerWebsite":"","_VenueAddress":"","_VenueCity":"","_VenueCountry":"","_VenueProvince":"","_VenueState":"","_VenueZip":"","_VenuePhone":"","_VenueURL":"","_VenueStateProvince":"","_VenueLat":"","_VenueLng":"","_VenueShowMap":false,"_VenueShowMapLink":false,"_kadence_starter_templates_imported_post":false,"_kad_post_transparent":"","_kad_post_title":"","_kad_post_layout":"","_kad_post_sidebar_id":"","_kad_post_content_style":"","_kad_post_vertical_padding":"","_kad_post_feature":"","_kad_post_feature_position":"","_kad_post_header":false,"_kad_post_footer":false,"_kad_post_classname":"","footnotes":"","_tec_slr_enabled":"","_tec_slr_layout":""},"class_list":["post-33","page","type-page","status-publish","hentry"],"taxonomy_info":[],"featured_image_src_large":false,"author_info":{"display_name":"carlos.rosales","author_link":"https:\/\/raffaellapisani.com\/it\/author\/carlos-rosales\/"},"comment_info":0,"ticketed":false,"_links":{"self":[{"href":"https:\/\/raffaellapisani.com\/it\/wp-json\/wp\/v2\/pages\/33","targetHints":{"allow":["GET"]}}],"collection":[{"href":"https:\/\/raffaellapisani.com\/it\/wp-json\/wp\/v2\/pages"}],"about":[{"href":"https:\/\/raffaellapisani.com\/it\/wp-json\/wp\/v2\/types\/page"}],"author":[{"embeddable":true,"href":"https:\/\/raffaellapisani.com\/it\/wp-json\/wp\/v2\/users\/4"}],"replies":[{"embeddable":true,"href":"https:\/\/raffaellapisani.com\/it\/wp-json\/wp\/v2\/comments?post=33"}],"version-history":[{"count":21,"href":"https:\/\/raffaellapisani.com\/it\/wp-json\/wp\/v2\/pages\/33\/revisions"}],"predecessor-version":[{"id":4892,"href":"https:\/\/raffaellapisani.com\/it\/wp-json\/wp\/v2\/pages\/33\/revisions\/4892"}],"wp:attachment":[{"href":"https:\/\/raffaellapisani.com\/it\/wp-json\/wp\/v2\/media?parent=33"}],"curies":[{"name":"wp","href":"https:\/\/api.w.org\/{rel}","templated":true}]}}